{"id":234,"date":"2024-03-11T22:12:11","date_gmt":"2024-03-11T21:12:11","guid":{"rendered":"https:\/\/rescateanimal.org\/?post_type=product&#038;p=234"},"modified":"2024-05-16T22:31:18","modified_gmt":"2024-05-16T20:31:18","slug":"work-tote","status":"publish","type":"product","link":"https:\/\/rescateanimal.org\/producto\/work-tote\/","title":{"rendered":"Work Tote"},"content":{"rendered":"<p>En Chala, cada personaje y bolso son hechos con cuero vegano aprobado por PETA, reflejando nuestro compromiso con la amabilidad hacia todos los seres. Nos enorgullece usar materiales de calidad que siguen est\u00e1ndares \u00e9ticos, valores que consideramos fundamentales. Nuestros dise\u00f1os son caprichosos, divertidos y audaces, creados con amor y atenci\u00f3n. Cada bolso presenta personajes \u00fanicos que permiten a quienes los llevan expresar sus hobbies y pasiones con estilo. Rescate Animal distribuye la Marca Chala Handbags en Costa Rica, todo lo recaudado por medio de las ventas es destinado para el rescate de animales sin hogar. <\/p>\n","protected":false},"excerpt":{"rendered":"<p>En Chala, cada personaje y bolso son hechos con cuero vegano aprobado por PETA, reflejando nuestro compromiso con la amabilidad hacia todos los seres. Nos enorgullece usar materiales de calidad que siguen est\u00e1ndares \u00e9ticos, valores que consideramos fundamentales. Nuestros dise\u00f1os son caprichosos, divertidos y audaces, creados con amor y atenci\u00f3n. Cada bolso presenta personajes \u00fanicos [&#8230;]\n","protected":false},"featured_media":242,"comment_status":"open","ping_status":"closed","template":"","meta":[],"product_brand":[],"product_cat":[18],"product_tag":[],"class_list":{"0":"post-234","1":"product","2":"type-product","3":"status-publish","4":"has-post-thumbnail","6":"product_cat-chala-handbags","8":"first","9":"instock","10":"shipping-taxable","11":"purchasable","12":"product-type-variable"},"_links":{"self":[{"href":"https:\/\/rescateanimal.org\/wp-json\/wp\/v2\/product\/234","targetHints":{"allow":["GET"]}}],"collection":[{"href":"https:\/\/rescateanimal.org\/wp-json\/wp\/v2\/product"}],"about":[{"href":"https:\/\/rescateanimal.org\/wp-json\/wp\/v2\/types\/product"}],"replies":[{"embeddable":true,"href":"https:\/\/rescateanimal.org\/wp-json\/wp\/v2\/comments?post=234"}],"wp:featuredmedia":[{"embeddable":true,"href":"https:\/\/rescateanimal.org\/wp-json\/wp\/v2\/media\/242"}],"wp:attachment":[{"href":"https:\/\/rescateanimal.org\/wp-json\/wp\/v2\/media?parent=234"}],"wp:term":[{"taxonomy":"product_brand","embeddable":true,"href":"https:\/\/rescateanimal.org\/wp-json\/wp\/v2\/product_brand?post=234"},{"taxonomy":"product_cat","embeddable":true,"href":"https:\/\/rescateanimal.org\/wp-json\/wp\/v2\/product_cat?post=234"},{"taxonomy":"product_tag","embeddable":true,"href":"https:\/\/rescateanimal.org\/wp-json\/wp\/v2\/product_tag?post=234"}],"curies":[{"name":"wp","href":"https:\/\/api.w.org\/{rel}","templated":true}]}}