{"id":45,"date":"2023-11-14T15:56:30","date_gmt":"2023-11-14T14:56:30","guid":{"rendered":"https:\/\/rescateanimal.org\/?page_id=45"},"modified":"2024-05-13T17:19:32","modified_gmt":"2024-05-13T15:19:32","slug":"contacto","status":"publish","type":"page","link":"https:\/\/rescateanimal.org\/contacto\/","title":{"rendered":"Contacto"},"content":{"rendered":"\n\n\t<section class=\"section\" id=\"section_839712406\">\n\t\t<div class=\"section-bg fill\" >\n\t\t\t<img loading=\"lazy\" decoding=\"async\" width=\"1920\" height=\"923\" src=\"https:\/\/rescateanimal.org\/wp-content\/uploads\/2024\/05\/INSUMOS-54.png\" class=\"bg attachment-original size-original\" alt=\"\" \/>\t\t\t\t\t\t\n\t\t\t\n\n\t\t<\/div>\n\n\t\t\n\n\t\t<div class=\"section-content relative\">\n\t\t\t\n\n<div class=\"row align-center\"  id=\"row-1467482299\">\n\n\n\t<div id=\"col-111396267\" class=\"col small-12 large-12\"  >\n\t\t\t\t<div class=\"col-inner\"  >\n\t\t\t\n\t\t\t\n\n\t<div id=\"text-2947908556\" class=\"text\">\n\t\t\n\n<h2>CONTACTO<\/h2>\n\t\t\n<style>\n#text-2947908556 {\n  text-align: center;\n  color: rgb(255, 52, 41);\n}\n#text-2947908556 > * {\n  color: rgb(255, 52, 41);\n}\n<\/style>\n\t<\/div>\n\t\n\n\t\t<\/div>\n\t\t\t\t\t<\/div>\n\n\t\n\n\t<div id=\"col-742216920\" class=\"col medium-5 small-12 large-5\"  data-animate=\"fadeInUp\">\n\t\t\t\t<div class=\"col-inner\"  >\n\t\t\t\n\t\t\t\n\n\t<div id=\"text-1669836903\" class=\"text\">\n\t\t\n\n<p class=\"mb-0\"><strong><i class=\"fa-sharp fa-solid fa-envelope\"><\/i> Correos electr\u00f3nicos:<\/strong><\/p>\n\t\t\n<style>\n#text-1669836903 {\n  text-align: center;\n  color: rgb(255, 52, 41);\n}\n#text-1669836903 > * {\n  color: rgb(255, 52, 41);\n}\n@media (min-width:550px) {\n  #text-1669836903 {\n    text-align: left;\n  }\n}\n<\/style>\n\t<\/div>\n\t\n\t<div id=\"text-3542847900\" class=\"text\">\n\t\t\n\n<p class=\"mb-0\">info@rescateanimal.org<\/p>\n<p class=\"mb-0\">adopciones@rescateanimal.org<\/p>\n<p >silvia.castro@rescateanimal.org<\/p>\n\t\t\n<style>\n#text-3542847900 {\n  text-align: center;\n}\n@media (min-width:550px) {\n  #text-3542847900 {\n    text-align: left;\n  }\n}\n<\/style>\n\t<\/div>\n\t\n\t<div id=\"text-2203832116\" class=\"text\">\n\t\t\n\n<p class=\"mb-0\"><strong><i class=\"fa-sharp fa-solid fa-phone\"><\/i> Tel\u00e9fonos:<\/strong><\/p>\n\t\t\n<style>\n#text-2203832116 {\n  text-align: center;\n  color: rgb(255, 52, 41);\n}\n#text-2203832116 > * {\n  color: rgb(255, 52, 41);\n}\n@media (min-width:550px) {\n  #text-2203832116 {\n    text-align: left;\n  }\n}\n<\/style>\n\t<\/div>\n\t\n\t<div id=\"text-2139613066\" class=\"text\">\n\t\t\n\n<p>Rescates: <a href=\"https:\/\/wa.me\/50660052505\" target=\"_blank\" rel=\"noopener\">+506 60052505<\/a> <br \/>Tienda: <a href=\"https:\/\/wa.me\/50663119465\" target=\"_blank\" rel=\"noopener\">+506 63119465<\/a><\/p>\n\t\t\n<style>\n#text-2139613066 {\n  text-align: center;\n}\n@media (min-width:550px) {\n  #text-2139613066 {\n    text-align: left;\n  }\n}\n<\/style>\n\t<\/div>\n\t\n\t<div id=\"text-41117684\" class=\"text\">\n\t\t\n\n<p class=\"mb-0\"><strong><i class=\"fa-sharp fa-solid fa-location-dot\"><\/i> Ubicaci\u00f3n:<\/strong><\/p>\n\t\t\n<style>\n#text-41117684 {\n  text-align: center;\n  color: rgb(255, 52, 41);\n}\n#text-41117684 > * {\n  color: rgb(255, 52, 41);\n}\n@media (min-width:550px) {\n  #text-41117684 {\n    text-align: left;\n  }\n}\n<\/style>\n\t<\/div>\n\t\n\t<div id=\"text-1528270624\" class=\"text\">\n\t\t\n\n<p>Rescate Animal cuenta con su centro de rehabilitaci\u00f3n y adopciones en Cedral Arriba de Tarbaca, Aserr\u00ed, San Jos\u00e9 Costa Rica.<\/p>\n\t\t\n<style>\n#text-1528270624 {\n  text-align: center;\n}\n@media (min-width:550px) {\n  #text-1528270624 {\n    text-align: left;\n  }\n}\n<\/style>\n\t<\/div>\n\t\n\n\t\t<\/div>\n\t\t\t\t\n<style>\n#col-742216920 > .col-inner {\n  padding: 20px 0px 0px 0px;\n}\n<\/style>\n\t<\/div>\n\n\t\n\n\t<div id=\"col-299184578\" class=\"col medium-5 small-12 large-5\"  data-animate=\"fadeInUp\">\n\t\t\t\t<div class=\"col-inner text-center\"  >\n\t\t\t\n\t\t\t\n\n\t<div id=\"text-2667242652\" class=\"text\">\n\t\t\n\n<p class=\"\"><strong> Llen\u00e1 el siguiente formulario <br \/>y nos pondremos en contacto contigo:<\/strong><\/p>\n\t\t\n<style>\n#text-2667242652 {\n  text-align: center;\n  color: rgb(255, 52, 41);\n}\n#text-2667242652 > * {\n  color: rgb(255, 52, 41);\n}\n@media (min-width:550px) {\n  #text-2667242652 {\n    text-align: center;\n  }\n}\n<\/style>\n\t<\/div>\n\t\n\n<div class=\"wpcf7 no-js\" id=\"wpcf7-f8-o1\" lang=\"es-ES\" dir=\"ltr\" data-wpcf7-id=\"8\">\n<div class=\"screen-reader-response\"><p role=\"status\" aria-live=\"polite\" aria-atomic=\"true\"><\/p> <ul><\/ul><\/div>\n<form action=\"\/wp-json\/wp\/v2\/pages\/45#wpcf7-f8-o1\" method=\"post\" class=\"wpcf7-form init\" aria-label=\"Formulario de contacto\" novalidate=\"novalidate\" data-status=\"init\">\n<fieldset class=\"hidden-fields-container\"><input type=\"hidden\" name=\"_wpcf7\" value=\"8\" \/><input type=\"hidden\" name=\"_wpcf7_version\" value=\"6.1.1\" \/><input type=\"hidden\" name=\"_wpcf7_locale\" value=\"es_ES\" \/><input type=\"hidden\" name=\"_wpcf7_unit_tag\" value=\"wpcf7-f8-o1\" \/><input type=\"hidden\" name=\"_wpcf7_container_post\" value=\"0\" \/><input type=\"hidden\" name=\"_wpcf7_posted_data_hash\" value=\"\" \/><input type=\"hidden\" name=\"_wpcf7_recaptcha_response\" value=\"\" \/>\n<\/fieldset>\n<p><label><br \/>\n<span class=\"wpcf7-form-control-wrap\" data-name=\"your-name\"><input size=\"40\" maxlength=\"400\" class=\"wpcf7-form-control wpcf7-text wpcf7-validates-as-required\" autocomplete=\"name\" aria-required=\"true\" aria-invalid=\"false\" placeholder=\"Nombre completo\" value=\"\" type=\"text\" name=\"your-name\" \/><\/span> <\/label>\n<\/p>\n<p><label><br \/>\n<span class=\"wpcf7-form-control-wrap\" data-name=\"your-email\"><input size=\"40\" maxlength=\"400\" class=\"wpcf7-form-control wpcf7-email wpcf7-validates-as-required wpcf7-text wpcf7-validates-as-email\" autocomplete=\"email\" aria-required=\"true\" aria-invalid=\"false\" placeholder=\"Correo electr\u00f3nico\" value=\"\" type=\"email\" name=\"your-email\" \/><\/span> <\/label>\n<\/p>\n<p><label><br \/>\n<span class=\"wpcf7-form-control-wrap\" data-name=\"your-message\"><textarea cols=\"40\" rows=\"10\" maxlength=\"2000\" class=\"wpcf7-form-control wpcf7-textarea wpcf7-validates-as-required\" aria-required=\"true\" aria-invalid=\"false\" placeholder=\"Mensaje\" name=\"your-message\"><\/textarea><\/span> <\/label>\n<\/p>\n<p><input class=\"wpcf7-form-control wpcf7-submit has-spinner\" type=\"submit\" value=\"Enviar\" \/>\n<\/p><div class=\"wpcf7-response-output\" aria-hidden=\"true\"><\/div>\n<\/form>\n<\/div>\n\n\n\n\t\t<\/div>\n\t\t\t\t\t<\/div>\n\n\t\n\n\n<style>\n#row-1467482299 > .col > .col-inner {\n  padding: 25px 0px 0px 0px;\n}\n<\/style>\n<\/div>\n<div class=\"row row-collapse row-full-width\"  id=\"row-1191526241\">\n\n\n\t<div id=\"col-270405910\" class=\"col medium-6 small-12 large-6\"  data-animate=\"fadeInUp\">\n\t\t\t\t<div class=\"col-inner\"  >\n\t\t\t\n\t\t\t\n\n\t<div class=\"img has-hover hide-for-medium x md-x lg-x y md-y lg-y\" id=\"image_561251812\">\n\t\t\t\t\t\t\t\t<div class=\"img-inner dark\" style=\"margin:-100px 0px 0px 0px;\">\n\t\t\t<img loading=\"lazy\" decoding=\"async\" width=\"1257\" height=\"601\" src=\"https:\/\/rescateanimal.org\/wp-content\/uploads\/2024\/05\/INSUMOS-52.png\" class=\"attachment-original size-original\" alt=\"\" srcset=\"https:\/\/rescateanimal.org\/wp-content\/uploads\/2024\/05\/INSUMOS-52.png 1257w, https:\/\/rescateanimal.org\/wp-content\/uploads\/2024\/05\/INSUMOS-52-300x143.png 300w, https:\/\/rescateanimal.org\/wp-content\/uploads\/2024\/05\/INSUMOS-52-1024x490.png 1024w, https:\/\/rescateanimal.org\/wp-content\/uploads\/2024\/05\/INSUMOS-52-768x367.png 768w, https:\/\/rescateanimal.org\/wp-content\/uploads\/2024\/05\/INSUMOS-52-600x287.png 600w\" sizes=\"auto, (max-width: 1257px) 100vw, 1257px\" \/>\t\t\t\t\t\t\n\t\t\t\t\t<\/div>\n\t\t\t\t\t\t\t\t\n<style>\n#image_561251812 {\n  width: 100%;\n}\n<\/style>\n\t<\/div>\n\t\n\n\n\t\t<\/div>\n\t\t\t\t\n<style>\n#col-270405910 > .col-inner {\n  padding: 0px 0px 0px 0px;\n  margin: 0px 0px 0px 0px;\n}\n<\/style>\n\t<\/div>\n\n\t\n\n\n<style>\n#row-1191526241 > .col > .col-inner {\n  padding: 0px 0px 0px 0px;\n}\n<\/style>\n<\/div>\n\n\t\t<\/div>\n\n\t\t\n<style>\n#section_839712406 {\n  padding-top: 0px;\n  padding-bottom: 0px;\n}\n<\/style>\n\t<\/section>\n\t\n\n","protected":false},"excerpt":{"rendered":"","protected":false},"author":1,"featured_media":0,"parent":0,"menu_order":0,"comment_status":"closed","ping_status":"closed","template":"page-blank.php","meta":{"footnotes":""},"class_list":["post-45","page","type-page","status-publish","hentry"],"_links":{"self":[{"href":"https:\/\/rescateanimal.org\/wp-json\/wp\/v2\/pages\/45","targetHints":{"allow":["GET"]}}],"collection":[{"href":"https:\/\/rescateanimal.org\/wp-json\/wp\/v2\/pages"}],"about":[{"href":"https:\/\/rescateanimal.org\/wp-json\/wp\/v2\/types\/page"}],"author":[{"embeddable":true,"href":"https:\/\/rescateanimal.org\/wp-json\/wp\/v2\/users\/1"}],"replies":[{"embeddable":true,"href":"https:\/\/rescateanimal.org\/wp-json\/wp\/v2\/comments?post=45"}],"version-history":[{"count":0,"href":"https:\/\/rescateanimal.org\/wp-json\/wp\/v2\/pages\/45\/revisions"}],"wp:attachment":[{"href":"https:\/\/rescateanimal.org\/wp-json\/wp\/v2\/media?parent=45"}],"curies":[{"name":"wp","href":"https:\/\/api.w.org\/{rel}","templated":true}]}}